{"id":1553,"date":"2018-06-14T22:19:18","date_gmt":"2018-06-14T22:19:18","guid":{"rendered":"https:\/\/new.intellog.lv?page_id=1553"},"modified":"2020-02-02T13:12:54","modified_gmt":"2020-02-02T13:12:54","slug":"incoterms","status":"publish","type":"page","link":"https:\/\/intellog.lv\/lv\/incoterms","title":{"rendered":"Incoterms"},"content":{"rendered":"<p>[vc_row][vc_column width=&#8221;1\/4&#8243; offset=&#8221;vc_hidden-sm vc_hidden-xs&#8221;][stm_sidebar sidebar=&#8221;272&#8243;][\/vc_column][vc_column offset=&#8221;vc_col-lg-9 vc_col-md-9&#8243;][vc_column_text css=&#8221;.vc_custom_1580649179690{margin-bottom: 60px !important;}&#8221;]<\/p>\n<h2>Kas ir Incoterms?<\/h2>\n<p>Incoterms\u00a0ir starptautiskie noteikumi v\u0101rdn\u012bc\u0101s form\u0101t\u0101, kas sniedz nep\u0101rprotamu skaidrojumu visbie\u017e\u0101k izmantotajiem tirdzniec\u012bbas nosac\u012bjumiem \u0101r\u0113j\u0101 tirdzniec\u012bb\u0101, \u012bpa\u0161i attiec\u012bb\u0101 uz\u00a0franco\u00a0\u2014 vieta kur atbild\u012bba p\u0101riet no p\u0101rdev\u0113ja pirc\u0113jam.[\/vc_column_text][vc_row_inner css=&#8221;.vc_custom_1449205358710{margin-bottom: 0px !important;}&#8221;][vc_column_inner width=&#8221;1\/2&#8243; css=&#8221;.vc_custom_1449205271760{margin-bottom: 30px !important;}&#8221;][vc_column_text css=&#8221;.vc_custom_1529014625141{border-top-width: 1px !important;border-right-width: 1px !important;border-bottom-width: 1px !important;border-left-width: 1px !important;padding-top: 40px !important;padding-right: 30px !important;padding-bottom: 40px !important;padding-left: 30px !important;border-left-color: #e6e6e6 !important;border-left-style: solid !important;border-right-color: #e6e6e6 !important;border-right-style: solid !important;border-top-color: #e6e6e6 !important;border-top-style: solid !important;border-bottom-color: #e6e6e6 !important;border-bottom-style: solid !important;}&#8221;]<\/p>\n<h5>EXW (EX Works)<\/h5>\n<p>EXW noz\u012bm\u0113, ka p\u0101rdev\u0113js konkr\u0113t\u0101 datum\u0101 padara preces pieejamas p\u0101rvad\u0101\u0161anai no<br \/>\nsav\u0101m telp\u0101m (r\u016bpn\u012bca, noliktava, ra\u017eotne). Pirc\u0113js apmaks\u0101 visus ar transport\u0113\u0161anu<br \/>\nsaist\u012btos izdevumus un ir atbild\u012bgs par visiem apdraud\u0113jumiem preces ce\u013c\u0101 l\u012bdz<br \/>\ngalam\u0113r\u0137im.[\/vc_column_text][\/vc_column_inner][vc_column_inner width=&#8221;1\/2&#8243; css=&#8221;.vc_custom_1449205275416{margin-bottom: 30px !important;}&#8221;][vc_column_text css=&#8221;.vc_custom_1529014638572{border-top-width: 1px !important;border-right-width: 1px !important;border-bottom-width: 1px !important;border-left-width: 1px !important;padding-top: 40px !important;padding-right: 30px !important;padding-bottom: 40px !important;padding-left: 30px !important;border-left-color: #e6e6e6 !important;border-left-style: solid !important;border-right-color: #e6e6e6 !important;border-right-style: solid !important;border-top-color: #e6e6e6 !important;border-top-style: solid !important;border-bottom-color: #e6e6e6 !important;border-bottom-style: solid !important;}&#8221;]<\/p>\n<h5>FCA (Free Carrier)<\/h5>\n<p>P\u0101rdev\u0113js, p\u0113c eksporta muitas formalit\u0101\u0161u nok\u0101rto\u0161anas, nodod nor\u0101d\u012btaj\u0101 viet\u0101 preces<br \/>\npirm\u0101 p\u0101rvad\u0101t\u0101ja (kuru ir nosaucis pirc\u0113js) r\u012bc\u012bb\u0101. P\u0101rdev\u0113js maks\u0101 par p\u0101rvad\u0101jumu l\u012bdz<br \/>\nnor\u0101d\u012btajai pieg\u0101des vietai, un visi riski par p\u0101rvad\u0101jumu p\u0101riet pirc\u0113jam p\u0113c pre\u010du<br \/>\nnodo\u0161anas pirmajam p\u0101rvad\u0101t\u0101jam.[\/vc_column_text][\/vc_column_inner][\/vc_row_inner][vc_row_inner css=&#8221;.vc_custom_1449205362814{margin-bottom: 0px !important;}&#8221;][vc_column_inner width=&#8221;1\/2&#8243; css=&#8221;.vc_custom_1449205285360{margin-bottom: 30px !important;}&#8221;][vc_column_text css=&#8221;.vc_custom_1529014649182{border-top-width: 1px !important;border-right-width: 1px !important;border-bottom-width: 1px !important;border-left-width: 1px !important;padding-top: 40px !important;padding-right: 30px !important;padding-bottom: 40px !important;padding-left: 30px !important;border-left-color: #e6e6e6 !important;border-left-style: solid !important;border-right-color: #e6e6e6 !important;border-right-style: solid !important;border-top-color: #e6e6e6 !important;border-top-style: solid !important;border-bottom-color: #e6e6e6 !important;border-bottom-style: solid !important;}&#8221;]<\/p>\n<h5>CPT (Carriage Paid To)<\/h5>\n<p>P\u0101rdev\u0113js apmaks\u0101 transport\u0113\u0161anu. Riski p\u0101riet pirc\u0113jam p\u0113c pre\u010du nodo\u0161anas pirmajam<br \/>\np\u0101rvad\u0101t\u0101jam import\u0113\u0161anas viet\u0101.[\/vc_column_text][\/vc_column_inner][vc_column_inner width=&#8221;1\/2&#8243; css=&#8221;.vc_custom_1449205289319{margin-bottom: 30px !important;}&#8221;][vc_column_text css=&#8221;.vc_custom_1529014661908{border-top-width: 1px !important;border-right-width: 1px !important;border-bottom-width: 1px !important;border-left-width: 1px !important;padding-top: 40px !important;padding-right: 30px !important;padding-bottom: 40px !important;padding-left: 30px !important;border-left-color: #e6e6e6 !important;border-left-style: solid !important;border-right-color: #e6e6e6 !important;border-right-style: solid !important;border-top-color: #e6e6e6 !important;border-top-style: solid !important;border-bottom-color: #e6e6e6 !important;border-bottom-style: solid !important;}&#8221;]<\/p>\n<h5>CIP (Carriage &amp; Insurance Paid)<\/h5>\n<p>Konteineru transporta \/ multimod\u0101la transporta ekvivalents nosac\u012bjumiem CIF. P\u0101rdev\u0113js<br \/>\nmaks\u0101 par p\u0101rvad\u0101jumu un apdro\u0161in\u0101\u0161anu l\u012bdz nosauktajai pieg\u0101des vietai, bet riski p\u0101riet<br \/>\npirc\u0113jam br\u012bd\u012b, kad preces tiek nodotas pirmajam p\u0101rvad\u0101t\u0101jam.[\/vc_column_text][\/vc_column_inner][\/vc_row_inner][vc_row_inner css=&#8221;.vc_custom_1449205366726{margin-bottom: 0px !important;}&#8221;][vc_column_inner width=&#8221;1\/2&#8243; css=&#8221;.vc_custom_1449205299487{margin-bottom: 30px !important;}&#8221;][vc_column_text css=&#8221;.vc_custom_1529014672475{border-top-width: 1px !important;border-right-width: 1px !important;border-bottom-width: 1px !important;border-left-width: 1px !important;padding-top: 40px !important;padding-right: 30px !important;padding-bottom: 40px !important;padding-left: 30px !important;border-left-color: #e6e6e6 !important;border-left-style: solid !important;border-right-color: #e6e6e6 !important;border-right-style: solid !important;border-top-color: #e6e6e6 !important;border-top-style: solid !important;border-bottom-color: #e6e6e6 !important;border-bottom-style: solid !important;}&#8221;]<\/p>\n<h5>DAT (Delivered at Terminal)<\/h5>\n<p>P\u0101rdev\u0113js sedz izmaksas par p\u0101rvad\u0101jumu l\u012bdz noteiktai noliktavai galam\u0113r\u0137a valst\u012b,<br \/>\niz\u0146emot izmaksas, kas saist\u012btas ar importa deklar\u0101cijas noform\u0113\u0161anu, un uz\u0146emas visus<br \/>\nriskus l\u012bdz kravas izkrau\u0161anai nor\u0101d\u012btaj\u0101 galam\u0113r\u0137a valsts noliktav\u0101.[\/vc_column_text][\/vc_column_inner][vc_column_inner width=&#8221;1\/2&#8243; css=&#8221;.vc_custom_1449205304478{margin-bottom: 30px !important;}&#8221;][vc_column_text css=&#8221;.vc_custom_1529014684108{border-top-width: 1px !important;border-right-width: 1px !important;border-bottom-width: 1px !important;border-left-width: 1px !important;padding-top: 40px !important;padding-right: 30px !important;padding-bottom: 40px !important;padding-left: 30px !important;border-left-color: #e6e6e6 !important;border-left-style: solid !important;border-right-color: #e6e6e6 !important;border-right-style: solid !important;border-top-color: #e6e6e6 !important;border-top-style: solid !important;border-bottom-color: #e6e6e6 !important;border-bottom-style: solid !important;}&#8221;]<\/p>\n<h5>DAP (Delivered at Place)<\/h5>\n<p>P\u0101rdev\u0113js sedz izmaksas par p\u0101rvad\u0101jumu l\u012bdz noteiktai vietai galam\u0113r\u0137a valst\u012b, iz\u0146emot<br \/>\nizmaksas, kas saist\u012btas ar importa deklar\u0101cijas noform\u0113\u0161anu, un uz\u0146emas visus riskus l\u012bdz<br \/>\nbr\u012bdim, kad krava ir gatava izkrau\u0161anai, izkrau\u0161anu veic pirc\u0113js.[\/vc_column_text][\/vc_column_inner][\/vc_row_inner][vc_row_inner css=&#8221;.vc_custom_1449205370636{margin-bottom: 0px !important;}&#8221;][vc_column_inner width=&#8221;1\/2&#8243; css=&#8221;.vc_custom_1449205314631{margin-bottom: 30px !important;}&#8221;][vc_column_text css=&#8221;.vc_custom_1529014694949{border-top-width: 1px !important;border-right-width: 1px !important;border-bottom-width: 1px !important;border-left-width: 1px !important;padding-top: 40px !important;padding-right: 30px !important;padding-bottom: 40px !important;padding-left: 30px !important;border-left-color: #e6e6e6 !important;border-left-style: solid !important;border-right-color: #e6e6e6 !important;border-right-style: solid !important;border-top-color: #e6e6e6 !important;border-top-style: solid !important;border-bottom-color: #e6e6e6 !important;border-bottom-style: solid !important;}&#8221;]<\/p>\n<h5>DDP (Delivered Duty Paid)<\/h5>\n<p>P\u0101rdev\u0113js ir atbild\u012bgs par pre\u010du nog\u0101di l\u012bdz nosauktajai vietai galam\u0113r\u0137a valst\u012b un apmaks\u0101<br \/>\nvisus izdevumus, kas saist\u012bti ar pre\u010du nog\u0101di l\u012bdz galam\u0113r\u0137im, ieskaitot importa nodevas<br \/>\nun nodok\u013cu nomaksu. Pirc\u0113js ir atbild\u012bgs par izkrau\u0161anu. \u0160ie nosac\u012bjumi paredz, ka liel\u0101ko<br \/>\natbild\u012bbu par riskiem, kas saist\u012bti ar transport\u0113\u0161anu, uz\u0146emas p\u0101rdev\u0113js un nosaka<br \/>\npirc\u0113jam vismaz\u0101ko atbild\u012bbu.[\/vc_column_text][\/vc_column_inner][vc_column_inner width=&#8221;1\/2&#8243; css=&#8221;.vc_custom_1449205320310{margin-bottom: 30px !important;}&#8221;][vc_column_text css=&#8221;.vc_custom_1529014708525{border-top-width: 1px !important;border-right-width: 1px !important;border-bottom-width: 1px !important;border-left-width: 1px !important;padding-top: 40px !important;padding-right: 30px !important;padding-bottom: 40px !important;padding-left: 30px !important;border-left-color: #e6e6e6 !important;border-left-style: solid !important;border-right-color: #e6e6e6 !important;border-right-style: solid !important;border-top-color: #e6e6e6 !important;border-top-style: solid !important;border-bottom-color: #e6e6e6 !important;border-bottom-style: solid !important;}&#8221;]<\/p>\n<h5>FAS (Free Alongside Ship)<\/h5>\n<p>P\u0101rdev\u0113jam ir j\u0101pieg\u0101d\u0101 krava l\u012bdz ku\u0123im nosauktaj\u0101 ost\u0101. P\u0101rdev\u0113jam ir j\u0101nok\u0101rto muitas<br \/>\neksporta formalit\u0101tes. Pamat\u0101 \u0161o terminu izmanto smagsvara vai beram\u0101m krav\u0101m.[\/vc_column_text][\/vc_column_inner][\/vc_row_inner][vc_row_inner css=&#8221;.vc_custom_1449205379621{margin-bottom: 0px !important;}&#8221;][vc_column_inner width=&#8221;1\/2&#8243; css=&#8221;.vc_custom_1449205334719{margin-bottom: 30px !important;}&#8221;][vc_column_text css=&#8221;.vc_custom_1529014720100{border-top-width: 1px !important;border-right-width: 1px !important;border-bottom-width: 1px !important;border-left-width: 1px !important;padding-top: 40px !important;padding-right: 30px !important;padding-bottom: 40px !important;padding-left: 30px !important;border-left-color: #e6e6e6 !important;border-left-style: solid !important;border-right-color: #e6e6e6 !important;border-right-style: solid !important;border-top-color: #e6e6e6 !important;border-top-style: solid !important;border-bottom-color: #e6e6e6 !important;border-bottom-style: solid !important;}&#8221;]<\/p>\n<h5>FOB (Free on Board)<\/h5>\n<p>P\u0101rdev\u0113jam ir j\u0101pieg\u0101d\u0101 krava ar uzkrau\u0161anu uz ku\u0123a, kuru nosaucis pirc\u0113js. Izmaksas un<br \/>\nriski p\u0101riet pirc\u0113jam br\u012bd\u012b, kad krava ir uzkrauta uz ku\u0123a. P\u0101rdev\u0113jam ir j\u0101nok\u0101rto muitas<br \/>\neksporta formalit\u0101tes.[\/vc_column_text][\/vc_column_inner][vc_column_inner width=&#8221;1\/2&#8243; css=&#8221;.vc_custom_1449205338110{margin-bottom: 30px !important;}&#8221;][vc_column_text css=&#8221;.vc_custom_1529014731065{border-top-width: 1px !important;border-right-width: 1px !important;border-bottom-width: 1px !important;border-left-width: 1px !important;padding-top: 40px !important;padding-right: 30px !important;padding-bottom: 40px !important;padding-left: 30px !important;border-left-color: #e6e6e6 !important;border-left-style: solid !important;border-right-color: #e6e6e6 !important;border-right-style: solid !important;border-top-color: #e6e6e6 !important;border-top-style: solid !important;border-bottom-color: #e6e6e6 !important;border-bottom-style: solid !important;}&#8221;]<\/p>\n<h5>CFR (Cost &amp; Freight)<\/h5>\n<p>P\u0101rdev\u0113jam ir j\u0101sedz visas izmaksas par kravas nog\u0101di l\u012bdz galam\u0113r\u0137a ostai. Tom\u0113r riski<br \/>\np\u0101riet pirc\u0113jam br\u012bd\u012b, kad krava ir uzkrauta uz ku\u0123a. Kravas apdro\u0161in\u0101\u0161ana NAV iek\u013cauta<br \/>\ncen\u0101. \u0160is termins iepriek\u0161 ir bijis paz\u012bstam k\u0101 CNF (C&amp;F). Tikai j\u016bras transportam.[\/vc_column_text][\/vc_column_inner][\/vc_row_inner][vc_row_inner css=&#8221;.vc_custom_1447744004634{margin-bottom: 30px !important;}&#8221;][vc_column_inner width=&#8221;1\/2&#8243;][vc_column_text css=&#8221;.vc_custom_1529014750875{border-top-width: 1px !important;border-right-width: 1px !important;border-bottom-width: 1px !important;border-left-width: 1px !important;padding-top: 40px !important;padding-right: 30px !important;padding-bottom: 40px !important;padding-left: 30px !important;border-left-color: #e6e6e6 !important;border-left-style: solid !important;border-right-color: #e6e6e6 !important;border-right-style: solid !important;border-top-color: #e6e6e6 !important;border-top-style: solid !important;border-bottom-color: #e6e6e6 !important;border-bottom-style: solid !important;}&#8221;]<\/p>\n<h5>CIF (Cost Insurance &amp; Freight)<\/h5>\n<p>Tie\u0161i tas pats, kas CFR, ta\u010du p\u0101rdev\u0113jam ir papildus j\u0101nok\u0101rto un j\u0101apmaks\u0101 kravas<br \/>\napdro\u0161in\u0101\u0161ana. Tikai j\u016bras transportam.[\/vc_column_text][\/vc_column_inner][vc_column_inner width=&#8221;1\/2&#8243;][\/vc_column_inner][\/vc_row_inner][\/vc_column][\/vc_row]<\/p>\n","protected":false},"excerpt":{"rendered":"<p>[vc_row][vc_column width=&#8221;1\/4&#8243; offset=&#8221;vc_hidden-sm vc_hidden-xs&#8221;][stm_sidebar sidebar=&#8221;272&#8243;][\/vc_column][vc_column offset=&#8221;vc_col-lg-9 vc_col-md-9&#8243;][vc_column_text css=&#8221;.vc_custom_1580649179690{margin-bottom: 60px !important;}&#8221;] Kas ir Incoterms? Incoterms\u00a0ir starptautiskie noteikumi v\u0101rdn\u012bc\u0101s form\u0101t\u0101, kas sniedz nep\u0101rprotamu skaidrojumu visbie\u017e\u0101k izmantotajiem tirdzniec\u012bbas nosac\u012bjumiem \u0101r\u0113j\u0101 tirdzniec\u012bb\u0101, \u012bpa\u0161i attiec\u012bb\u0101 uz\u00a0franco\u00a0\u2014 vieta kur&#8230;<\/p>\n","protected":false},"author":1,"featured_media":0,"parent":0,"menu_order":0,"comment_status":"closed","ping_status":"closed","template":"","meta":{"footnotes":""},"_links":{"self":[{"href":"https:\/\/intellog.lv\/lv\/wp-json\/wp\/v2\/pages\/1553"}],"collection":[{"href":"https:\/\/intellog.lv\/lv\/wp-json\/wp\/v2\/pages"}],"about":[{"href":"https:\/\/intellog.lv\/lv\/wp-json\/wp\/v2\/types\/page"}],"author":[{"embeddable":true,"href":"https:\/\/intellog.lv\/lv\/wp-json\/wp\/v2\/users\/1"}],"replies":[{"embeddable":true,"href":"https:\/\/intellog.lv\/lv\/wp-json\/wp\/v2\/comments?post=1553"}],"version-history":[{"count":5,"href":"https:\/\/intellog.lv\/lv\/wp-json\/wp\/v2\/pages\/1553\/revisions"}],"predecessor-version":[{"id":1794,"href":"https:\/\/intellog.lv\/lv\/wp-json\/wp\/v2\/pages\/1553\/revisions\/1794"}],"wp:attachment":[{"href":"https:\/\/intellog.lv\/lv\/wp-json\/wp\/v2\/media?parent=1553"}],"curies":[{"name":"wp","href":"https:\/\/api.w.org\/{rel}","templated":true}]}}