{"id":1688,"date":"2015-11-17T05:09:58","date_gmt":"2015-11-17T05:09:58","guid":{"rendered":"https:\/\/new.intellog.lv\/contacts"},"modified":"2026-02-11T12:21:38","modified_gmt":"2026-02-11T12:21:38","slug":"kontakti","status":"publish","type":"page","link":"https:\/\/intellog.lv\/lv\/kontakti","title":{"rendered":"Kontakti"},"content":{"rendered":"<p>[vc_row css=&#8221;.vc_custom_1565123914469{margin-bottom: 60px !important;padding-right: 20px !important;padding-left: 20px !important;}&#8221;][vc_column width=&#8221;1\/2&#8243;][vc_column_text]<\/p>\n<h5 class=\"nl\">Adrese:<\/h5>\n<p>SIA &#8220;Intellog&#8221;<br \/>\nRankas 11, Riga, LV-1005, Latvija<br \/>\nDarba laiks: P \u2014 Pk: 9:00 \u2014 18:00[\/vc_column_text][vc_column_text]<\/p>\n<h5 class=\"nl\">T\u0101lrunis:<\/h5>\n<p>+371 67 630 705[\/vc_column_text][vc_column_text]<\/p>\n<h5 class=\"nl\">E-pasts:<\/h5>\n<p><a href=\"mailto:intellog@intellog.lv\">intellog@intellog.lv<\/a>[\/vc_column_text][\/vc_column][vc_column width=&#8221;1\/2&#8243;][vc_column_text]<\/p>\n<h5 class=\"nl\">Rekviz\u012bti:<\/h5>\n<p>SIA &#8220;Intellog&#8221;<br \/>\nRankas 11, Riga, LV-1005, Latvia<br \/>\nRe\u0123. Nr.: 41503061811<\/p>\n<p>Latvija Bankas rekviz\u012bti<br \/>\nAdrese: Skanstes iela 12, R\u012bga, LV-1013<br \/>\nKonts: LV28RIKO0002930263580 (EUR)<br \/>\nBanka: Luminor Bank AS<br \/>\nSWIFT: RIKOLV2X[\/vc_column_text][\/vc_column][\/vc_row][vc_row][vc_column][vc_column_text][\/vc_column_text][\/vc_column][\/vc_row][vc_row][vc_column width=&#8221;1\/4&#8243;][\/vc_column][vc_column width=&#8221;1\/2&#8243;][vc_empty_space height=&#8221;10px&#8221;][vc_column_text]<\/p>\n<p class=\"nl\">SIA &#8221;Intellog\u201d 12.02.2024. nosl\u0113dza ar LIAA l\u012bgumu Nr. 17.1-1-L-2024\/74 par atbalsta sa\u0146em\u0161anueksporta atbalsta nodro\u0161in\u0101\u0161anai projekta \u201cMVU inovat\u012bvas uz\u0146\u0113m\u0113jdarb\u012bbas att\u012bst\u012bba\u201d ietvaros, ko l\u012bdzfinans\u0113 Eiropas Re\u0123ion\u0101l\u0101s att\u012bst\u012bbas fonds.<\/p>\n<p>[\/vc_column_text][vc_single_image image=&#8221;1867&#8243; img_size=&#8221;full&#8221; alignment=&#8221;center&#8221;][vc_empty_space height=&#8221;10px&#8221;][\/vc_column][vc_column width=&#8221;1\/4&#8243;][\/vc_column][\/vc_row][vc_row full_width=&#8221;stretch_row_content_no_spaces&#8221; css=&#8221;.vc_custom_1447738052361{margin-bottom: 0px !important;}&#8221;][vc_column][stm_gmap map_zoom=&#8221;10&#8243; disable_mouse_whell=&#8221;disable&#8221;][stm_gmap_address title=&#8221;Birojs&#8221; address=&#8221;Rankas 11, Riga, LV-1005, Latvija&#8221; phone=&#8221;+371 67 630 705&#8243; email=&#8221;intellog@intellog.lv&#8221; lat=&#8221;56.987707&#8243; lng=&#8221;24.111325&#8243;][\/stm_gmap][\/vc_column][\/vc_row]<\/p>\n","protected":false},"excerpt":{"rendered":"<p>[vc_row css=&#8221;.vc_custom_1565123914469{margin-bottom: 60px !important;padding-right: 20px !important;padding-left: 20px !important;}&#8221;][vc_column width=&#8221;1\/2&#8243;][vc_column_text] Adrese: SIA &#8220;Intellog&#8221; Rankas 11, Riga, LV-1005, Latvija Darba laiks: P \u2014 Pk: 9:00 \u2014 18:00[\/vc_column_text][vc_column_text] T\u0101lrunis: +371 67 630 705[\/vc_column_text][vc_column_text] E-pasts: intellog@intellog.lv[\/vc_column_text][\/vc_column][vc_column width=&#8221;1\/2&#8243;][vc_column_text]&#8230;<\/p>\n","protected":false},"author":1,"featured_media":0,"parent":0,"menu_order":0,"comment_status":"closed","ping_status":"closed","template":"","meta":{"footnotes":""},"_links":{"self":[{"href":"https:\/\/intellog.lv\/lv\/wp-json\/wp\/v2\/pages\/1688"}],"collection":[{"href":"https:\/\/intellog.lv\/lv\/wp-json\/wp\/v2\/pages"}],"about":[{"href":"https:\/\/intellog.lv\/lv\/wp-json\/wp\/v2\/types\/page"}],"author":[{"embeddable":true,"href":"https:\/\/intellog.lv\/lv\/wp-json\/wp\/v2\/users\/1"}],"replies":[{"embeddable":true,"href":"https:\/\/intellog.lv\/lv\/wp-json\/wp\/v2\/comments?post=1688"}],"version-history":[{"count":11,"href":"https:\/\/intellog.lv\/lv\/wp-json\/wp\/v2\/pages\/1688\/revisions"}],"predecessor-version":[{"id":1897,"href":"https:\/\/intellog.lv\/lv\/wp-json\/wp\/v2\/pages\/1688\/revisions\/1897"}],"wp:attachment":[{"href":"https:\/\/intellog.lv\/lv\/wp-json\/wp\/v2\/media?parent=1688"}],"curies":[{"name":"wp","href":"https:\/\/api.w.org\/{rel}","templated":true}]}}