{"id":1721,"date":"2015-11-24T05:41:19","date_gmt":"2015-11-24T05:41:19","guid":{"rendered":"https:\/\/new.intellog.lv\/our-services"},"modified":"2020-02-06T19:24:56","modified_gmt":"2020-02-06T19:24:56","slug":"pakalpojumi","status":"publish","type":"page","link":"https:\/\/intellog.lv\/lv\/pakalpojumi","title":{"rendered":"Pakalpojumi"},"content":{"rendered":"<p>[vc_row css=&#8221;.vc_custom_1564917468991{margin-top: 40px !important;margin-bottom: 70px !important;}&#8221;][vc_column offset=&#8221;vc_col-lg-4 vc_col-md-4&#8243; css=&#8221;.vc_custom_1580975882296{padding-top: 0px !important;}&#8221;][vc_column_text css=&#8221;.vc_custom_1564917314736{margin-bottom: 40px !important;}&#8221;]<\/p>\n<h2 class=\"nl\" style=\"text-align: center;\">INTELLIGENT<br \/>\nLOGISTICS<\/h2>\n<p>[\/vc_column_text][\/vc_column][vc_column width=&#8221;1\/2&#8243; offset=&#8221;vc_col-lg-4 vc_col-md-4&#8243;][vc_column_text]<\/p>\n<p style=\"text-align: justify;\">Mums uzticas un uz m\u016bsu stiprajiem pleciem klienti no visas pasaules uzve\u013c pa\u0161u gr\u016bt\u0101ko lo\u0123istikas uzdevumu nastu, jo zina, ka sa\u0146em kvalitat\u012bvu izpildi un rezult\u0101tu.<\/p>\n<p>[\/vc_column_text][\/vc_column][vc_column width=&#8221;1\/2&#8243; offset=&#8221;vc_col-lg-4 vc_col-md-4&#8243;][vc_column_text]<\/p>\n<p style=\"text-align: justify;\">Mums ir gadu gait\u0101 ieg\u016bti sakari, noform\u0113tas uzticamas lo\u0123istikas \u0137\u0113des, nosl\u0113gti tie\u0161ie l\u012bgumi ar j\u016bras un gaisa kravu p\u0101rvad\u0101t\u0101jiem, izveidots savs autoparks.<\/p>\n<p>[\/vc_column_text][\/vc_column][\/vc_row][vc_row full_width=&#8221;stretch_row&#8221; css=&#8221;.vc_custom_1566423062874{margin-bottom: 0px !important;padding-top: 80px !important;padding-bottom: 60px !important;}&#8221; el_class=&#8221;base_bg_color&#8221;][vc_column][vc_row_inner css=&#8221;.vc_custom_1449136946410{margin-bottom: 0px !important;}&#8221;][vc_column_inner width=&#8221;1\/2&#8243; css=&#8221;.vc_custom_1449136957585{margin-bottom: 35px !important;}&#8221;][stm_icon icon_size=&#8221;89&#8243; icon_height=&#8221;100&#8243; title_font_size=&#8221;24&#8243; title_font_weight=&#8221;700&#8243; align=&#8221;center&#8221; icon=&#8221;stm-ship&#8221; title=&#8221;J\u016bras p\u0101rvad\u0101jumi&#8221; text=&#8221;Mums ir liela pieredze j\u016bras konteineru p\u0101rvad\u0101\u0161ana caur Baltijas ost\u0101m, m\u0113s atrodamies<br \/>\nOstas pils\u0113t\u0101, R\u012bga un j\u016bras p\u0101rvad\u0101jumi ir m\u016bsu firmas galvenais virziens.&#8221; title_color=&#8221;#ffffff&#8221; text_color=&#8221;#ffffff&#8221; link=&#8221;url:%2Flv%2Fservices%2Fsea-freight|||&#8221;][\/vc_column_inner][vc_column_inner width=&#8221;1\/2&#8243; css=&#8221;.vc_custom_1449136961602{margin-bottom: 35px !important;}&#8221;][stm_icon icon_size=&#8221;73&#8243; icon_height=&#8221;100&#8243; title_font_size=&#8221;24&#8243; title_font_weight=&#8221;700&#8243; align=&#8221;center&#8221; icon=&#8221;stm-transport839&#8243; title=&#8221;Avio p\u0101rvad\u0101jumi&#8221; text=&#8221;M\u0113s vienm\u0113r esam gatavi pied\u0101v\u0101t saviem klientiem avio p\u0101rvad\u0101jumus pa visu pasauli,<br \/>\nk\u0101 viss \u0101tr\u0101ko veidu kravu p\u0101rvad\u0101jumiem.&#8221; link=&#8221;url:%2Flv%2Fservices%2Fair-freight|||&#8221; title_color=&#8221;#ffffff&#8221; text_color=&#8221;#ffffff&#8221;][\/vc_column_inner][\/vc_row_inner][vc_row_inner css=&#8221;.vc_custom_1449136951770{margin-bottom: 0px !important;}&#8221;][vc_column_inner width=&#8221;1\/2&#8243; css=&#8221;.vc_custom_1449136966415{margin-bottom: 35px !important;}&#8221;][stm_icon icon_size=&#8221;89&#8243; icon_height=&#8221;100&#8243; title_font_size=&#8221;24&#8243; title_font_weight=&#8221;700&#8243; align=&#8221;center&#8221; icon=&#8221;stm-transport842&#8243; title=&#8221;Automa\u0161\u012bnu p\u0101rvad\u0101jumi&#8221; text=&#8221;M\u0113s organiz\u0113jam kravu transport\u0113\u0161anu jebk\u0101da veida krav\u0101m, ieskaitot negabar\u012bta un<br \/>\nB\u012bstam\u0101s kravas.&#8221; title_color=&#8221;#ffffff&#8221; text_color=&#8221;#ffffff&#8221; link=&#8221;url:%2Fservices%2Froad-freight|||&#8221;][\/vc_column_inner][vc_column_inner width=&#8221;1\/2&#8243; css=&#8221;.vc_custom_1449136971250{margin-bottom: 35px !important;}&#8221;][stm_icon icon_size=&#8221;89&#8243; icon_height=&#8221;100&#8243; title_font_size=&#8221;24&#8243; title_font_weight=&#8221;700&#8243; align=&#8221;center&#8221; icon=&#8221;stm-transport848&#8243; title=&#8221;Dzelzce\u013ca kravu p\u0101rvad\u0101jumi&#8221; text=&#8221;M\u016bsu speci\u0101listi, veidojot multimod\u0101lu p\u0101rvad\u0101jumu lo\u0123istikas mar\u0161rutus, akt\u012bvi izmanto dzelzce\u013ca kravu p\u0101rvad\u0101jumus.&#8221; title_color=&#8221;#ffffff&#8221; text_color=&#8221;#ffffff&#8221; link=&#8221;url:%2Flv%2Fservices%2Frailway|||&#8221;][\/vc_column_inner][\/vc_row_inner][vc_row_inner css=&#8221;.vc_custom_1449136951770{margin-bottom: 0px !important;}&#8221;][vc_column_inner width=&#8221;1\/2&#8243; css=&#8221;.vc_custom_1449136966415{margin-bottom: 35px !important;}&#8221;][stm_icon icon_size=&#8221;89&#8243; icon_height=&#8221;100&#8243; title_font_size=&#8221;24&#8243; title_font_weight=&#8221;700&#8243; align=&#8221;center&#8221; icon=&#8221;stm-warehouse&#8221; title=&#8221;Noliktavu pakalpojumi&#8221; text=&#8221;Mums ir noliktava kas atrodas R\u012bgas br\u012bvostas teritorij\u0101, kas \u013cauj mums b\u016bt elast\u012bgiem un pied\u0101v\u0101t lab\u0101kos pied\u0101v\u0101jumus m\u016bsu klientiem un realiz\u0113t kravas uzglab\u0101\u0161anu un cita veida pakalpojumus par optim\u0101l\u0101m cen\u0101m.&#8221; title_color=&#8221;#ffffff&#8221; text_color=&#8221;#ffffff&#8221; link=&#8221;url:%2Flv%2Fservices%2Fwarehousing|||&#8221;][\/vc_column_inner][vc_column_inner width=&#8221;1\/2&#8243;][stm_icon icon_size=&#8221;89&#8243; icon_height=&#8221;100&#8243; title_font_size=&#8221;24&#8243; title_font_weight=&#8221;700&#8243; align=&#8221;center&#8221; icon=&#8221;stm-projects-done&#8221; title=&#8221;Kravas apdro\u0161in\u0101\u0161ana&#8221; text=&#8221;Ja Jums nepiecie\u0161ami atbild\u012bgi uzglab\u0101\u0161anas telpu pakalpojumi ar optim\u0101lu temperat\u016bras re\u017e\u012bmu un kravas apstr\u0101des iesp\u0113j\u0101m, m\u016bsu uz\u0146\u0113mums ir J\u016bsu r\u012bc\u012bb\u0101!&#8221; title_color=&#8221;#ffffff&#8221; text_color=&#8221;#ffffff&#8221; link=&#8221;url:%2Flv%2Fservices%2Fcargo-insurance|||&#8221;][\/vc_column_inner][\/vc_row_inner][\/vc_column][\/vc_row][vc_row full_width=&#8221;stretch_row_content_no_spaces&#8221; equal_height=&#8221;yes&#8221; content_placement=&#8221;top&#8221; el_class=&#8221;secondary_bg_color services_icons reset-sm-paddings&#8221; css=&#8221;.vc_custom_1450671531930{margin-bottom: 0px !important;}&#8221;][vc_column css=&#8221;.vc_custom_1449204255225{padding-top: 75px !important;padding-right: 115px !important;padding-bottom: 75px !important;padding-left: 115px !important;}&#8221; offset=&#8221;vc_col-lg-4 vc_col-md-4&#8243;][stm_icon icon_size=&#8221;67&#8243; icon_height=&#8221;90&#8243; title_font_size=&#8221;24&#8243; title_font_weight=&#8221;700&#8243; align=&#8221;center&#8221; icon=&#8221;stm-clients-worldwide&#8221; title=&#8221;PARTNERI VIS\u0100 PASAUL\u0112&#8221; text=&#8221;\u201cINTELLOG\u201d piedal\u0101s vair\u0101k\u0101s p\u0101rvad\u0101\u0161anas uz\u0146\u0113mumu starptautiskaj\u0101s asoci\u0101cij\u0101s, tam ir uzticami partneri gandr\u012bz vis\u0101s pasaules ost\u0101s un lidost\u0101s.&#8221; icon_color=&#8221;#ffffff&#8221; title_color=&#8221;#ffffff&#8221; text_color=&#8221;#ffffff&#8221;][\/vc_column][vc_column css=&#8221;.vc_custom_1449204260881{padding-top: 75px !important;padding-right: 115px !important;padding-bottom: 75px !important;padding-left: 115px !important;background-color: rgba(0,0,0,0.1) !important;*background-color: rgb(0,0,0) !important;}&#8221; offset=&#8221;vc_col-lg-4 vc_col-md-4&#8243;][stm_icon icon_size=&#8221;67&#8243; icon_height=&#8221;90&#8243; title_font_size=&#8221;24&#8243; title_font_weight=&#8221;700&#8243; align=&#8221;center&#8221; icon=&#8221;stm-security&#8221; title=&#8221;Atbild\u012bga uzglab\u0101\u0161ana&#8221; text=&#8221;SIA Intellog eksped\u012bcijas pakalpojumu atbild\u012bba ir apdro\u0161in\u0101ta par summu 250 000 EUR&#8221; icon_color=&#8221;#ffffff&#8221; title_color=&#8221;#ffffff&#8221; text_color=&#8221;#ffffff&#8221;][\/vc_column][vc_column css=&#8221;.vc_custom_1449204266169{padding-top: 75px !important;padding-right: 115px !important;padding-bottom: 75px !important;padding-left: 115px !important;background-color: rgba(0,0,0,0.2) !important;*background-color: rgb(0,0,0) !important;}&#8221; offset=&#8221;vc_col-lg-4 vc_col-md-4&#8243;][stm_icon icon_size=&#8221;67&#8243; icon_height=&#8221;90&#8243; title_font_size=&#8221;24&#8243; title_font_weight=&#8221;700&#8243; align=&#8221;center&#8221; icon=&#8221;stm-packaging-and-storage&#8221; title=&#8221;Sava Noliktava&#8221; text=&#8221;Baltijas liel\u0101kaj\u0101 ost\u0101 atrodas ilgtermi\u0146a nom\u0101 R\u012bgas br\u012bvostas teritorij\u0101. Klientiem ir iesp\u0113ja sa\u0146emt tranz\u012bta, uzglab\u0101\u0161anas un citus ar kravu saist\u012btus pakalpojumus par optim\u0101l\u0101m cen\u0101m.&#8221; icon_color=&#8221;#ffffff&#8221; title_color=&#8221;#ffffff&#8221; text_color=&#8221;#ffffff&#8221;][\/vc_column][\/vc_row]<\/p>\n","protected":false},"excerpt":{"rendered":"<p>[vc_row css=&#8221;.vc_custom_1564917468991{margin-top: 40px !important;margin-bottom: 70px !important;}&#8221;][vc_column offset=&#8221;vc_col-lg-4 vc_col-md-4&#8243; css=&#8221;.vc_custom_1580975882296{padding-top: 0px !important;}&#8221;][vc_column_text css=&#8221;.vc_custom_1564917314736{margin-bottom: 40px !important;}&#8221;] INTELLIGENT LOGISTICS [\/vc_column_text][\/vc_column][vc_column width=&#8221;1\/2&#8243; offset=&#8221;vc_col-lg-4 vc_col-md-4&#8243;][vc_column_text] Mums uzticas un uz m\u016bsu stiprajiem pleciem klienti no visas pasaules uzve\u013c pa\u0161u&#8230;<\/p>\n","protected":false},"author":1,"featured_media":0,"parent":0,"menu_order":0,"comment_status":"closed","ping_status":"closed","template":"","meta":{"footnotes":""},"_links":{"self":[{"href":"https:\/\/intellog.lv\/lv\/wp-json\/wp\/v2\/pages\/1721"}],"collection":[{"href":"https:\/\/intellog.lv\/lv\/wp-json\/wp\/v2\/pages"}],"about":[{"href":"https:\/\/intellog.lv\/lv\/wp-json\/wp\/v2\/types\/page"}],"author":[{"embeddable":true,"href":"https:\/\/intellog.lv\/lv\/wp-json\/wp\/v2\/users\/1"}],"replies":[{"embeddable":true,"href":"https:\/\/intellog.lv\/lv\/wp-json\/wp\/v2\/comments?post=1721"}],"version-history":[{"count":8,"href":"https:\/\/intellog.lv\/lv\/wp-json\/wp\/v2\/pages\/1721\/revisions"}],"predecessor-version":[{"id":1838,"href":"https:\/\/intellog.lv\/lv\/wp-json\/wp\/v2\/pages\/1721\/revisions\/1838"}],"wp:attachment":[{"href":"https:\/\/intellog.lv\/lv\/wp-json\/wp\/v2\/media?parent=1721"}],"curies":[{"name":"wp","href":"https:\/\/api.w.org\/{rel}","templated":true}]}}