{"id":1800,"date":"2015-10-21T07:42:32","date_gmt":"2015-10-21T07:42:32","guid":{"rendered":"https:\/\/new.intellog.lv\/home-2"},"modified":"2020-02-24T07:23:25","modified_gmt":"2020-02-24T07:23:25","slug":"home-2","status":"publish","type":"page","link":"https:\/\/intellog.lv\/lv","title":{"rendered":"S\u0101kums"},"content":{"rendered":"<p>[vc_row full_width=&#8221;stretch_row_content_no_spaces&#8221; css=&#8221;.vc_custom_1445941555299{margin-bottom: 0px !important;}&#8221;][vc_column offset=&#8221;vc_hidden-xs&#8221;][rev_slider_vc alias=&#8221;main_en&#8221;][\/vc_column][\/vc_row][vc_row full_width=&#8221;stretch_row&#8221; el_class=&#8221;base_bg_color no_overflow_hidden&#8221; css=&#8221;.vc_custom_1448432556856{margin-bottom: 80px !important;}&#8221;][vc_column width=&#8221;1\/12&#8243; offset=&#8221;vc_hidden-xs&#8221;][\/vc_column][vc_column width=&#8221;1\/6&#8243; offset=&#8221;vc_hidden-xs&#8221;][stm_rev_slider_nav slider_id=&#8221;7&#8243; title=&#8221;Ce\u013c\u0101&#8221; icon=&#8221;stm-transport842&#8243; slide_number=&#8221;1&#8243;][\/vc_column][vc_column width=&#8221;1\/6&#8243; offset=&#8221;vc_hidden-xs&#8221;][stm_rev_slider_nav slider_id=&#8221;7&#8243; title=&#8221;Gais\u0101&#8221; icon=&#8221;stm-transport839&#8243; slide_number=&#8221;2&#8243;][\/vc_column][vc_column width=&#8221;1\/6&#8243; offset=&#8221;vc_hidden-xs&#8221;][stm_rev_slider_nav slider_id=&#8221;7&#8243; title=&#8221;J\u016bras&#8221; icon=&#8221;stm-ship&#8221; slide_number=&#8221;3&#8243;][\/vc_column][vc_column width=&#8221;1\/6&#8243;][stm_rev_slider_nav slider_id=&#8221;7&#8243; title=&#8221;Dzelzce\u013c\u0101&#8221; icon=&#8221;stm-transport847&#8243; slide_number=&#8221;4&#8243;][\/vc_column][vc_column width=&#8221;1\/6&#8243;][stm_rev_slider_nav slider_id=&#8221;7&#8243; title=&#8221;Noliktavas&#8221; icon=&#8221;stm-warehouse&#8221; slide_number=&#8221;5&#8243;][\/vc_column][vc_column width=&#8221;1\/12&#8243;][\/vc_column][\/vc_row][vc_row css=&#8221;.vc_custom_1450264294682{margin-bottom: 80px !important;}&#8221;][vc_column width=&#8221;1\/3&#8243; css=&#8221;.vc_custom_1580676793375{padding-top: 0px !important;}&#8221;][vc_column_text]<\/p>\n<h2 class=\"nl\" style=\"text-align: center;\">INTELLIGENT<br \/>\nLOGISTICS<\/h2>\n<p>[\/vc_column_text][\/vc_column][vc_column width=&#8221;1\/3&#8243;][vc_column_text]<\/p>\n<p lang=\"lv-LV\"><span lang=\"lv-LV\">Mums uzticas un uz m\u016bsu stiprajiem pleciem klienti no visas pasaules uzve\u013c pa\u0161u gr\u016bt\u0101ko\u00a0<\/span><span lang=\"lv-LV\">lo\u0123istikas uzdevumu nastu, jo zina, ka sa\u0146em kvalitat\u012bvu izpildi un rezult\u0101tu.<\/span><\/p>\n<p>[\/vc_column_text][\/vc_column][vc_column width=&#8221;1\/3&#8243;][vc_column_text]<span lang=\"lv-LV\">Mums ir gadu gait\u0101 ieg\u016bti sakari, noform\u0113tas uzticamas lo\u0123istikas \u0137\u0113des, nosl\u0113gti tie\u0161ie\u00a0<\/span><span lang=\"lv-LV\">l\u012bgumi ar j\u016bras un gaisa kravu p\u0101rvad\u0101t\u0101jiem, izveidots savs autoparks.<\/span>[\/vc_column_text][\/vc_column][\/vc_row][vc_row full_width=&#8221;stretch_row&#8221; el_class=&#8221;secondary_bg_color&#8221; css=&#8221;.vc_custom_1566428972799{padding-top: 20px !important;}&#8221;][vc_column][vc_custom_heading text=&#8221;Pag\u0101ju\u0161aj\u0101 gad\u0101 pieg\u0101d\u0101j\u0101m&#8221; font_container=&#8221;tag:h2|text_align:center&#8221; use_theme_fonts=&#8221;yes&#8221;][\/vc_column][\/vc_row][vc_row full_width=&#8221;stretch_row&#8221; css=&#8221;.vc_custom_1566428957830{margin-bottom: 0px !important;padding-top: 40px !important;padding-bottom: 14px !important;}&#8221; el_class=&#8221;secondary_bg_color&#8221;][vc_column width=&#8221;1\/2&#8243; offset=&#8221;vc_col-lg-3 vc_col-md-3&#8243; css=&#8221;.vc_custom_1449142338264{margin-bottom: 30px !important;}&#8221;][stm_counter counter_value=&#8221;2743&#8243; drawing=&#8221;yes&#8221; icon_width_svg=&#8221;65&#8243; icon_size=&#8221;64&#8243; title=&#8221;FCL&#8221; drawing_icon=&#8221;stm-projects-done&#8221; icon_color=&#8221;#ffffff&#8221;][\/vc_column][vc_column width=&#8221;1\/2&#8243; offset=&#8221;vc_col-lg-3 vc_col-md-3&#8243; css=&#8221;.vc_custom_1449142329000{margin-bottom: 30px !important;}&#8221;][stm_counter counter_value=&#8221;1213&#8243; drawing=&#8221;yes&#8221; icon_width_svg=&#8221;64&#8243; icon_size=&#8221;68&#8243; title=&#8221;LCL&#8221; drawing_icon=&#8221;stm-clients-worldwide&#8221; icon_color=&#8221;#ffffff&#8221;][\/vc_column][vc_column width=&#8221;1\/2&#8243; offset=&#8221;vc_col-lg-3 vc_col-md-3&#8243; css=&#8221;.vc_custom_1449142343672{margin-bottom: 30px !important;}&#8221;][stm_counter counter_value=&#8221;264&#8243; drawing=&#8221;yes&#8221; icon_width=&#8221;80&#8243; icon_width_svg=&#8221;52&#8243; icon_size=&#8221;67&#8243; title=&#8221;AIR&#8221; drawing_icon=&#8221;stm-owned-vehicles&#8221; icon_color=&#8221;#ffffff&#8221;][\/vc_column][vc_column width=&#8221;1\/2&#8243; offset=&#8221;vc_col-lg-3 vc_col-md-3&#8243; css=&#8221;.vc_custom_1449142350247{margin-bottom: 30px !important;}&#8221;][stm_counter counter_value=&#8221;19874&#8243; counter_value_suf=&#8221;T&#8221; drawing=&#8221;yes&#8221; icon_width=&#8221;100&#8243; icon_width_svg=&#8221;68&#8243; icon_size=&#8221;67&#8243; title=&#8221;In total&#8221; drawing_icon=&#8221;stm-people-in-team&#8221; icon_color=&#8221;#ffffff&#8221;][\/vc_column][\/vc_row][vc_row full_width=&#8221;stretch_row&#8221; css=&#8221;.vc_custom_1450269319951{margin-bottom: 0px !important;padding-top: 80px !important;padding-bottom: 80px !important;}&#8221; el_class=&#8221;base_bg_color&#8221;][vc_column][stm_services posts_per_page=&#8221;7&#8243; autoplay=&#8221;yes&#8221; hide_pagination_control=&#8221;yes&#8221; loop=&#8221;yes&#8221; items_tablet=&#8221;3&#8243; items_normal=&#8221;&#8221; items_small=&#8221;&#8221;]<\/p>\n<h2><span style=\"color: #ffffff; font-weight: 300;\">Pakalpojumi<\/span><\/h2>\n<p><span style=\"color: rgba(255,255,255,.5);\">M\u0113s past\u0101v\u012bgi att\u012bst\u0101m un papildin\u0101m m\u016bsu pakalpojumu kompleksu, \u0146emot v\u0113r\u0101 klientu vajadz\u012bbas.<\/span><\/p>\n<p><span style=\"color: rgba(255,255,255,.5);\">Talk to us and we will resolve most complex logistics tasks!<\/span><br \/>\n[vc_btn title=&#8221;Kontakti&#8221; style=&#8221;outline&#8221; shape=&#8221;round&#8221; color=&#8221;theme_style_2&#8243; size=&#8221;sm&#8221; i_align=&#8221;right&#8221; i_icon_fontawesome=&#8221;stm-arrow-next&#8221; add_icon=&#8221;true&#8221; link=&#8221;url:%2Flv%2Fcontacts%2F||&#8221;][\/stm_services][\/vc_column][\/vc_row][vc_row css=&#8221;.vc_custom_1450356751610{margin-bottom: 0px !important;}&#8221;][vc_column css=&#8221;.vc_custom_1450446299241{margin-bottom: 60px !important;}&#8221; offset=&#8221;vc_col-lg-6 vc_col-md-7&#8243;][vc_custom_heading text=&#8221;Jaunumi&#8221; use_theme_fonts=&#8221;yes&#8221; css=&#8221;.vc_custom_1580676250138{margin-bottom: 38px !important;}&#8221;][stm_news loop=&#8221;size:3|post_type:post&#8221; link=&#8221;url:%2Flv%2Fjaunumi|title:jaunumi||&#8221;][\/vc_column][vc_column css=&#8221;.vc_custom_1450446304318{margin-bottom: 60px !important;}&#8221; offset=&#8221;vc_col-lg-6 vc_col-md-5&#8243;][vc_custom_heading text=&#8221;Jaut\u0101jumi&#8221; use_theme_fonts=&#8221;yes&#8221; css=&#8221;.vc_custom_1580676147619{margin-bottom: 38px !important;}&#8221;][vc_tta_accordion style=&#8221;outline&#8221; shape=&#8221;square&#8221; color=&#8221;theme_style&#8221; c_icon=&#8221;chevron&#8221; c_position=&#8221;right&#8221; active_section=&#8221;1&#8243; no_fill=&#8221;true&#8221;][vc_tta_section title=&#8221;Vai manam s\u016bt\u012bjumam ir nepiecie\u0161ams \u012bpa\u0161s kravu p\u0101rvad\u0101jumu iepakojums?&#8221; tab_id=&#8221;1448366943815-e26d41b9-11c9fe9e-bd76ceb4-1bb5&#8243;][vc_column_text]J\u0101, j\u016bsu kravai j\u0101b\u016bt iepakotai un\/vai izvietotai uz paletes. Par pre\u010du iepakojumu atbild pre\u010du s\u016bt\u012bt\u0101js. Izvieto\u0161ana uz paletes un nostiprin\u0101\u0161ana ar siksn\u0101m vai lent\u0113m ir vispopul\u0101r\u0101kais pakojuma veids.<\/p>\n<p><a href=\"\/lv\/pallet-size-quide\">Spiediet \u0161eit, lai uzzin\u0101tu vair\u0101k par pale\u0161u tipiem un izm\u0113riem.<\/a>[\/vc_column_text][\/vc_tta_section][vc_tta_section title=&#8221;K\u0101di ir j\u016bras konteineru izm\u0113ri, veidi un parametri?&#8221; tab_id=&#8221;1448366974887-de71a272-362efe9e-bd76ceb4-1bb5&#8243;][vc_column_text]Katrai kravai ir \u012bpa\u0161as pras\u012bbas transporta konteineriem. \u0160\u012bm pras\u012bb\u0101m \u012bpa\u0161i ir izveidoti vair\u0101ki konteineru veidu.<\/p>\n<p><a href=\"\/lv\/pallet-size-quide\">Spiediet \u0161eit, lai piek\u013c\u016btu ce\u013cvedim.<\/a>[\/vc_column_text][\/vc_tta_section][vc_tta_section title=&#8221;Vai jums ir noliktava, kur es varu tur\u0113t kravu?&#8221; tab_id=&#8221;1448366974206-ef8ab619-56a4fe9e-bd76ceb4-1bb5&#8243;][vc_column_text]J\u0101, mums ir pie\u0146em\u0161anas noliktava R\u012bgas br\u012bvost\u0101, kas padara m\u016bs elast\u012bgus, sniedzot m\u016bsu klientiem lab\u0101kus uzglab\u0101\u0161anas apst\u0101k\u013cus un p\u0101rkrau\u0161anas iesp\u0113jas. Uzglab\u0101\u0161ana un citi noliktavu pakalpojumi ir par pie\u0146emam\u0101m cen\u0101.<\/p>\n<p><a href=\"\/lv\/services\/warehousing\">Las\u012bt vair\u0101k&#8230;<\/a>[\/vc_column_text][\/vc_tta_section][vc_tta_section title=&#8221;Kur es varu uzzin\u0101t vair\u0101k par Incoterms 2010 noteikumiem?&#8221; tab_id=&#8221;1448366973310-396b0b53-9f76fe9e-bd76ceb4-1bb5&#8243;][vc_column_text]Incoterms 2010 noteikumu praktiskais ce\u013cvedis sniedz visu nepiecie\u0161amo inform\u0101ciju par katru no 11 Incoterms noteikumiem, ar vairumu diagramm\u0101m un tabul\u0101m, lai izprastu k\u0101 tie str\u0101d\u0101 un padomiem k\u0101 tos izmantot ikdienas praks\u0113.<\/p>\n<p><a href=\"\/lv\/incoterms\">Spiediet \u0161eit, lai piek\u013c\u016btu ce\u013cvedim.<\/a>[\/vc_column_text][\/vc_tta_section][vc_tta_section title=&#8221;K\u0101da ir p\u0101rvad\u0101t\u0101ja atbild\u012bba par kravu?&#8221; tab_id=&#8221;1580648622727-46db115b-091cceb4-1bb5&#8243;][vc_column_text]P\u0101rvad\u0101t\u0101js ir atbild\u012bgs par atbilsto\u0161a transporta veida izmanto\u0161anu saska\u0146\u0101 ar starptautiskaj\u0101m konvencij\u0101m, piem\u0113ram (autotransports \u2013 Starptautisk\u0101s pre\u010du p\u0101rvad\u0101\u0161anas pa j\u016bru l\u012bguma konvencijas (CMR), j\u016bras transports \u2013 j\u016bras pavadz\u012bmju noteikumi (BillofLading)).<\/p>\n<p>BTA Baltijas apdro\u0161in\u0101\u0161anas komp\u0101nijas atbild\u012bba par p\u0101rs\u016bt\u012b\u0161anu 250 000 \u20ac apm\u0113r\u0101.<\/p>\n<p>Gaisa p\u0101rvad\u0101jumos p\u0101rvad\u0101t\u0101ja atbild\u012bba ir ierobe\u017eota l\u012bdz maksim\u0101li 19 SDR par bruto pre\u010du kg (AWB apdro\u0161in\u0101\u0161ana);<\/p>\n<p>Autotransports &#8211; ne vair\u0101k k\u0101 8,33 SDR par bruto pre\u010du kg (CMR apdro\u0161in\u0101\u0161ana); J\u016bras p\u0101rvad\u0101jumos &#8211; ne vair\u0101k k\u0101 2 SDR par bruto pre\u010du kg vai 666,67 SDR par vien\u012bbu (B\/L apdro\u0161in\u0101\u0161ana);<\/p>\n<p>Lai l\u012bdz minimumam samazin\u0101tu risku, kas rodas pre\u010du transport\u0113\u0161anas laik\u0101, visiem m\u016bsu klientiem ieteicams apdro\u0161in\u0101t p\u0101rvad\u0101jamo kravu.<\/p>\n<p><a href=\"\/lv\/services\/cargo-insurance\">Las\u012bt vair\u0101k&#8230;<\/a>[\/vc_column_text][\/vc_tta_section][\/vc_tta_accordion][\/vc_column][\/vc_row][vc_row css=&#8221;.vc_custom_1450356867512{margin-bottom: 0px !important;padding-top: 53px !important;padding-bottom: 53px !important;}&#8221;][vc_column][stm_image_carousel grayscale=&#8221;yes&#8221; img_size=&#8221;full&#8221; autoplay=&#8221;yes&#8221; items=&#8221;8&#8243; items_mobile=&#8221;2&#8243; images=&#8221;1337,1339,1340,1341,1342,1343,1344,1482,1336&#8243;][\/vc_column][\/vc_row][vc_row full_width=&#8221;stretch_row&#8221; equal_height=&#8221;yes&#8221; css=&#8221;.vc_custom_1450446724850{margin-bottom: 0px !important;margin-left: 0px !important;background-color: #f7f7f7 !important;}&#8221; el_class=&#8221;reset-sm-paddings&#8221;][vc_column css=&#8221;.vc_custom_1566429226598{padding-top: 30px !important;padding-bottom: 30px !important;}&#8221; offset=&#8221;vc_col-lg-5 vc_col-md-6&#8243;][vc_custom_heading text=&#8221;K\u0101p\u0113c m\u0113s?&#8221; use_theme_fonts=&#8221;yes&#8221;][vc_column_text]Optim\u0101li risin\u0101jumi kravas p\u0101rvad\u0101\u0161anai no jebkuras vietas pasaul\u0113![\/vc_column_text][vc_row_inner css=&#8221;.vc_custom_1449127190171{margin-bottom: 0px !important;}&#8221; el_class=&#8221;reset-sm-paddings&#8221;][vc_column_inner width=&#8221;1\/2&#8243; css=&#8221;.vc_custom_1450423994691{margin-bottom: 44px !important;}&#8221; offset=&#8221;vc_col-xs-12&#8243;][stm_icon drawing=&#8221;yes&#8221; icon_position=&#8221;icon_position_left&#8221; icon_width_svg=&#8221;68&#8243; icon_size=&#8221;71&#8243; icon_width=&#8221;95&#8243; title_font_size=&#8221;14&#8243; title_font_weight=&#8221;600&#8243; title=&#8221;Pieredz\u0113jusi komanda&#8221; drawing_icon=&#8221;stm-packaging-and-storage&#8221;][\/vc_column_inner][vc_column_inner width=&#8221;1\/2&#8243; css=&#8221;.vc_custom_1450423999162{margin-bottom: 44px !important;}&#8221; offset=&#8221;vc_col-xs-12&#8243;][stm_icon drawing=&#8221;yes&#8221; icon_position=&#8221;icon_position_left&#8221; icon_width_svg=&#8221;71&#8243; icon_size=&#8221;64&#8243; icon_width=&#8221;95&#8243; title_font_size=&#8221;14&#8243; title_font_weight=&#8221;600&#8243; title=&#8221;Savs automa\u0161\u012bnu parks&#8221; drawing_icon=&#8221;stm-owned-vehicles&#8221;][\/vc_column_inner][\/vc_row_inner][vc_row_inner css=&#8221;.vc_custom_1449127193884{margin-bottom: 0px !important;}&#8221; el_class=&#8221;reset-sm-paddings&#8221;][vc_column_inner width=&#8221;1\/2&#8243; css=&#8221;.vc_custom_1450424067703{margin-bottom: 44px !important;}&#8221; offset=&#8221;vc_col-xs-12&#8243;][stm_icon drawing=&#8221;yes&#8221; icon_position=&#8221;icon_position_left&#8221; icon_width_svg=&#8221;72&#8243; icon_size=&#8221;51&#8243; icon_width=&#8221;95&#8243; title_font_size=&#8221;14&#8243; title_font_weight=&#8221;600&#8243; title=&#8221;Izdev\u012bgas cenas&#8221; drawing_icon=&#8221;stm-projects-done&#8221;][\/vc_column_inner][vc_column_inner width=&#8221;1\/2&#8243; css=&#8221;.vc_custom_1450424075450{margin-bottom: 44px !important;}&#8221; offset=&#8221;vc_col-xs-12&#8243;][stm_icon drawing=&#8221;yes&#8221; icon_position=&#8221;icon_position_left&#8221; icon_width_svg=&#8221;77&#8243; icon_size=&#8221;50&#8243; icon_width=&#8221;95&#8243; title_font_size=&#8221;14&#8243; title_font_weight=&#8221;600&#8243; title=&#8221;Baltijas noliktava&#8221; drawing_icon=&#8221;stm-logistic-services&#8221;][\/vc_column_inner][\/vc_row_inner][\/vc_column][vc_column offset=&#8221;vc_col-lg-7 vc_col-md-6&#8243; css=&#8221;.vc_custom_1566429232361{padding-left: 45px !important;}&#8221;][vc_row_inner el_class=&#8221;reset-sm-paddings&#8221;][vc_column_inner el_class=&#8221;base_bg_color&#8221; css=&#8221;.vc_custom_1566429482612{padding-top: 30px !important;padding-right: 45px !important;padding-bottom: 50px !important;padding-left: 45px !important;}&#8221;][vc_custom_heading text=&#8221;Sa\u0146emiet pieg\u0101des pied\u0101v\u0101jumu&#8221; font_container=&#8221;tag:h2|text_align:left|color:%23ffffff&#8221; use_theme_fonts=&#8221;yes&#8221;][\/vc_column_inner][\/vc_row_inner][\/vc_column][\/vc_row]<\/p>\n","protected":false},"excerpt":{"rendered":"<p>[vc_row full_width=&#8221;stretch_row_content_no_spaces&#8221; css=&#8221;.vc_custom_1445941555299{margin-bottom: 0px !important;}&#8221;][vc_column offset=&#8221;vc_hidden-xs&#8221;][rev_slider_vc alias=&#8221;main_en&#8221;][\/vc_column][\/vc_row][vc_row full_width=&#8221;stretch_row&#8221; el_class=&#8221;base_bg_color no_overflow_hidden&#8221; css=&#8221;.vc_custom_1448432556856{margin-bottom: 80px !important;}&#8221;][vc_column width=&#8221;1\/12&#8243; offset=&#8221;vc_hidden-xs&#8221;][\/vc_column][vc_column width=&#8221;1\/6&#8243; offset=&#8221;vc_hidden-xs&#8221;][stm_rev_slider_nav slider_id=&#8221;7&#8243; title=&#8221;Ce\u013c\u0101&#8221; icon=&#8221;stm-transport842&#8243; slide_number=&#8221;1&#8243;][\/vc_column][vc_column width=&#8221;1\/6&#8243; offset=&#8221;vc_hidden-xs&#8221;][stm_rev_slider_nav slider_id=&#8221;7&#8243; title=&#8221;Gais\u0101&#8221; icon=&#8221;stm-transport839&#8243; slide_number=&#8221;2&#8243;][\/vc_column][vc_column width=&#8221;1\/6&#8243; offset=&#8221;vc_hidden-xs&#8221;][stm_rev_slider_nav slider_id=&#8221;7&#8243; title=&#8221;J\u016bras&#8221; icon=&#8221;stm-ship&#8221; slide_number=&#8221;3&#8243;][\/vc_column][vc_column&#8230;<\/p>\n","protected":false},"author":1,"featured_media":0,"parent":0,"menu_order":0,"comment_status":"closed","ping_status":"open","template":"","meta":{"footnotes":""},"_links":{"self":[{"href":"https:\/\/intellog.lv\/lv\/wp-json\/wp\/v2\/pages\/1800"}],"collection":[{"href":"https:\/\/intellog.lv\/lv\/wp-json\/wp\/v2\/pages"}],"about":[{"href":"https:\/\/intellog.lv\/lv\/wp-json\/wp\/v2\/types\/page"}],"author":[{"embeddable":true,"href":"https:\/\/intellog.lv\/lv\/wp-json\/wp\/v2\/users\/1"}],"replies":[{"embeddable":true,"href":"https:\/\/intellog.lv\/lv\/wp-json\/wp\/v2\/comments?post=1800"}],"version-history":[{"count":8,"href":"https:\/\/intellog.lv\/lv\/wp-json\/wp\/v2\/pages\/1800\/revisions"}],"predecessor-version":[{"id":1841,"href":"https:\/\/intellog.lv\/lv\/wp-json\/wp\/v2\/pages\/1800\/revisions\/1841"}],"wp:attachment":[{"href":"https:\/\/intellog.lv\/lv\/wp-json\/wp\/v2\/media?parent=1800"}],"curies":[{"name":"wp","href":"https:\/\/api.w.org\/{rel}","templated":true}]}}