{"id":1810,"date":"2015-11-17T04:19:36","date_gmt":"2015-11-17T04:19:36","guid":{"rendered":"https:\/\/new.intellog.lv\/about"},"modified":"2024-11-14T17:16:24","modified_gmt":"2024-11-14T17:16:24","slug":"about","status":"publish","type":"page","link":"https:\/\/intellog.lv\/lv\/about","title":{"rendered":"Komp\u0101nija"},"content":{"rendered":"<p>[vc_row css=&#8221;.vc_custom_1448604362911{margin-bottom: 100px !important;}&#8221;][vc_column offset=&#8221;vc_col-lg-9 vc_col-md-9&#8243;][vc_column_text css=&#8221;.vc_custom_1580842393358{margin-bottom: 30px !important;}&#8221;]<\/p>\n<h2>Intelligent Logistics<\/h2>\n<p>Profesion\u0101la pre\u010du pieg\u0101de vis\u0101 pasaul\u0113 m\u016bsu uz\u0146\u0113mumam nav tikai ska\u013c\u0161 sauklis. Tas ir m\u016bsu kredo un m\u016bsu biznesa b\u016bt\u012bba. Gadu gait\u0101 m\u0113s esam veidoju\u0161i attiec\u012bbas, izveidoju\u0161i uzticamas lo\u0123istikas \u0137\u0113des, nosl\u0113gu\u0161i tie\u0161us l\u012bgumus ar j\u016bras un gaisa p\u0101rvad\u0101t\u0101jiem, k\u0101 ar\u012b izveidoju\u0161i savu transportl\u012bdzek\u013cu parku.<\/p>\n<p>Veiksm\u012bgu darbu lo\u0123istikas pakalpojumu tirg\u016b m\u0113ra p\u0113c diviem krit\u0113rijiem: cenas un uzticam\u012bbas. T\u0101p\u0113c mums ir savs transportl\u012bdzek\u013cu parks, kas garant\u0113 p\u0113c iesp\u0113jas zem\u0101kas kravas pieg\u0101des izmaksas apvienojum\u0101 ar maksim\u0101lu uzticam\u012bbu un p\u0101rvad\u0101\u0161anas \u0101trumu.<\/p>\n<p>M\u016bsu komandai nav sare\u017e\u0123\u012btu kravu. Tie\u0161i pret\u0113ji, mums ir interesanti str\u0101d\u0101t ar nestandarta piepras\u012bjumiem un lielgabar\u012bta krav\u0101m. M\u0113s esam gatavi izveidot efekt\u012bvu pieg\u0101des \u0137\u0113di, kuras pamat\u0101 ir individu\u0101li piepras\u012bjumi un j\u016bsu biznesa vajadz\u012bbas. Elast\u012bba un reakcijas \u0101trums ir m\u016bsu galven\u0101s priek\u0161roc\u012bbas darb\u0101 ar klientiem.<\/p>\n<p>Priek\u0161roc\u012bba ir ar\u012b m\u016bsu pa\u0161u noliktava liel\u0101 Baltijas valsts ost\u0101.<\/p>\n<p>M\u0113s nemit\u012bgi att\u012bst\u0101m un papildin\u0101m savu pakalpojumu kl\u0101stu, koncentr\u0113joties uz klientu vajadz\u012bb\u0101m. Sazinieties ar mums, lai sa\u0146emtu komerci\u0101lu pied\u0101v\u0101jumu un s\u0101ktu sadarb\u012bbu.<\/p>\n<h2>Priek\u0161roc\u012bbas<\/h2>\n<p>[\/vc_column_text][vc_single_image image=&#8221;1886&#8243; img_size=&#8221;full&#8221; onclick=&#8221;custom_link&#8221; link=&#8221;\/wp-content\/uploads\/2024\/11\/sertificate_lv.pdf&#8221;][vc_row_inner][vc_column_inner width=&#8221;1\/2&#8243;][vc_column_text css=&#8221;.vc_custom_1580842460805{margin-bottom: 30px !important;}&#8221;]<\/p>\n<ul class=\"style_3\">\n<li>M\u0113s vienm\u0113r klientam sak\u0101m paties\u012bbu<\/li>\n<li>Mums ir pla\u0161a pieredze<\/li>\n<li>M\u0113s iev\u0113rojam vieno\u0161an\u0101s un termi\u0146us<\/li>\n<li>M\u0113s neapsol\u0101m neiesp\u0113jamo<\/li>\n<li>M\u0113s br\u012bdin\u0101m par nians\u0113m<\/li>\n<li>M\u0113s uz\u0146emamies atbild\u012bbu par j\u016bsu kravu<\/li>\n<\/ul>\n<p>[\/vc_column_text][\/vc_column_inner][vc_column_inner width=&#8221;1\/2&#8243;][vc_column_text]<\/p>\n<ul class=\"style_3\">\n<li>M\u0113s esam uzman\u012bgi un prec\u012bzi darb\u0101<\/li>\n<li>M\u0113s dal\u0101mies sav\u0101 pieredz\u0113 ar klientu<\/li>\n<li>M\u0113s garant\u0113jam m\u016bsu partneru darba kvalit\u0101ti<\/li>\n<li>M\u0113s iev\u0113rojam konfidencialit\u0101ti<\/li>\n<li>Izvair\u0101mies no intere\u0161u konflikta<\/li>\n<\/ul>\n<p>[\/vc_column_text][\/vc_column_inner][\/vc_row_inner][vc_column_text]Pa\u0161laik m\u0113s esam pilnties\u012bgi \u0161\u0101du lo\u0123istikas t\u012bklu dal\u012bbnieki:<\/p>\n<ul class=\"style_3\">\n<li><strong>Xpert-log<\/strong><br \/>\n<a href=\"https:\/\/www.xpert-log.com\/\">xpert-log.com<\/a><\/li>\n<li><strong>Security Cargo Network<\/strong><br \/>\n<a href=\"http:\/\/securitycargonetwork.com\">securitycargonetwork.com<\/a><\/li>\n<li><strong>Mundu Logistics&amp;Network<\/strong><br \/>\n<a href=\"http:\/\/mundu-network.com\">mundu-network.com<\/a><\/li>\n<li><strong>JCTrans<\/strong><br \/>\n<a href=\"http:\/\/www.jctrans.net\/\">jctrans.net<\/a><\/li>\n<li><strong>GLA Family<\/strong><br \/>\n<a href=\"http:\/\/www.glafamily.com\/\">glafamily.com<\/a><\/li>\n<\/ul>\n<p>[\/vc_column_text][stm_image_carousel grayscale=&#8221;yes&#8221; img_size=&#8221;full&#8221; items=&#8221;5&#8243; items_small_desktop=&#8221;4&#8243; items_mobile=&#8221;2&#8243; images=&#8221;1632,1633,1634,1875,1876&#8243; css=&#8221;.vc_custom_1731598263304{padding-top: 15px !important;padding-bottom: 15px !important;}&#8221;][\/vc_column][vc_column width=&#8221;1\/4&#8243; offset=&#8221;vc_hidden-sm vc_hidden-xs&#8221;][stm_sidebar sidebar=&#8221;272&#8243;][\/vc_column][\/vc_row][vc_row full_width=&#8221;stretch_row&#8221; el_class=&#8221;secondary_bg_color&#8221; css=&#8221;.vc_custom_1447734480631{margin-bottom: 0px !important;}&#8221;][vc_column][vc_cta h2=&#8221;M\u0113s pal\u012bdz\u0113sim jums atrast risin\u0101jumu j\u016bsu biznesam&#8221; shape=&#8221;square&#8221; add_button=&#8221;right&#8221; btn_title=&#8221;Kontakti&#8221; btn_style=&#8221;outline&#8221; btn_shape=&#8221;round&#8221; btn_color=&#8221;white&#8221; btn_i_align=&#8221;right&#8221; btn_i_icon_fontawesome=&#8221;stm-arrow-next&#8221; btn_add_icon=&#8221;true&#8221; el_class=&#8221;secondary_bg_color&#8221; btn_link=&#8221;url:%2Flv%2Fcontacts|||&#8221;][\/vc_cta][\/vc_column][\/vc_row]<\/p>\n","protected":false},"excerpt":{"rendered":"<p>[vc_row css=&#8221;.vc_custom_1448604362911{margin-bottom: 100px !important;}&#8221;][vc_column offset=&#8221;vc_col-lg-9 vc_col-md-9&#8243;][vc_column_text css=&#8221;.vc_custom_1580842393358{margin-bottom: 30px !important;}&#8221;] Intelligent Logistics Profesion\u0101la pre\u010du pieg\u0101de vis\u0101 pasaul\u0113 m\u016bsu uz\u0146\u0113mumam nav tikai ska\u013c\u0161 sauklis. Tas ir m\u016bsu kredo un m\u016bsu biznesa b\u016bt\u012bba. Gadu gait\u0101 m\u0113s&#8230;<\/p>\n","protected":false},"author":1,"featured_media":0,"parent":0,"menu_order":0,"comment_status":"closed","ping_status":"closed","template":"","meta":{"footnotes":""},"_links":{"self":[{"href":"https:\/\/intellog.lv\/lv\/wp-json\/wp\/v2\/pages\/1810"}],"collection":[{"href":"https:\/\/intellog.lv\/lv\/wp-json\/wp\/v2\/pages"}],"about":[{"href":"https:\/\/intellog.lv\/lv\/wp-json\/wp\/v2\/types\/page"}],"author":[{"embeddable":true,"href":"https:\/\/intellog.lv\/lv\/wp-json\/wp\/v2\/users\/1"}],"replies":[{"embeddable":true,"href":"https:\/\/intellog.lv\/lv\/wp-json\/wp\/v2\/comments?post=1810"}],"version-history":[{"count":9,"href":"https:\/\/intellog.lv\/lv\/wp-json\/wp\/v2\/pages\/1810\/revisions"}],"predecessor-version":[{"id":1894,"href":"https:\/\/intellog.lv\/lv\/wp-json\/wp\/v2\/pages\/1810\/revisions\/1894"}],"wp:attachment":[{"href":"https:\/\/intellog.lv\/lv\/wp-json\/wp\/v2\/media?parent=1810"}],"curies":[{"name":"wp","href":"https:\/\/api.w.org\/{rel}","templated":true}]}}